{"id":87,"date":"2017-12-15T03:56:54","date_gmt":"2017-12-15T03:56:54","guid":{"rendered":"https:\/\/woocommercecore.mystagingwebsite.com\/?product=logo-collection"},"modified":"2017-12-15T03:56:54","modified_gmt":"2017-12-15T03:56:54","slug":"lot-de-3-t-shirts-de-marque-corrects","status":"publish","type":"product","link":"http:\/\/annuaire.world\/fr\/produit\/lot-de-3-t-shirts-de-marque-corrects\/","title":{"rendered":"Lot de 3 t-shirts de marque corrects"},"content":{"rendered":"<p>Pellentesque habitant morbi tristique senectus et netus et malesuada fames ac turpis egestas. Vestibulum tortor quam, feugiat vitae, ultricies eget, tempor sit amet, ante. Donec eu libero sit amet quam egestas sempre. \u00c9n\u00e9enne ultricies mi vitae est. Mauris placerat eleifend leo.<\/p>","protected":false},"excerpt":{"rendered":"<p>Il s&#039;agit d&#039;un produit group\u00e9. Nullam vitae condimentum dolor. Ut quis elementum metus. Nulla mollis nec justo sit amet fringilla. M\u00e9c\u00e8ne pharetra felis pellentesque lorem efficitur sollicitudin.<\/p>","protected":false},"featured_media":0,"comment_status":"open","ping_status":"closed","template":"","meta":[],"product_brand":[],"product_cat":[261,257,260,259],"product_tag":[317,284,283,318,316],"class_list":{"0":"post-87","1":"product","2":"type-product","3":"status-publish","5":"product_cat-accessories-clothing","6":"product_cat-clothing","7":"product_cat-hoodies-clothing","8":"product_cat-tshirts-clothing","9":"product_tag-mens-wear","10":"product_tag-polo","11":"product_tag-shirts","12":"product_tag-summer-collection","13":"product_tag-t-shirt","15":"first","16":"instock","17":"sale","18":"shipping-taxable","19":"product-type-grouped"},"_links":{"self":[{"href":"http:\/\/annuaire.world\/fr\/wp-json\/wp\/v2\/product\/87","targetHints":{"allow":["GET"]}}],"collection":[{"href":"http:\/\/annuaire.world\/fr\/wp-json\/wp\/v2\/product"}],"about":[{"href":"http:\/\/annuaire.world\/fr\/wp-json\/wp\/v2\/types\/product"}],"replies":[{"embeddable":true,"href":"http:\/\/annuaire.world\/fr\/wp-json\/wp\/v2\/comments?post=87"}],"wp:attachment":[{"href":"http:\/\/annuaire.world\/fr\/wp-json\/wp\/v2\/media?parent=87"}],"wp:term":[{"taxonomy":"product_brand","embeddable":true,"href":"http:\/\/annuaire.world\/fr\/wp-json\/wp\/v2\/product_brand?post=87"},{"taxonomy":"product_cat","embeddable":true,"href":"http:\/\/annuaire.world\/fr\/wp-json\/wp\/v2\/product_cat?post=87"},{"taxonomy":"product_tag","embeddable":true,"href":"http:\/\/annuaire.world\/fr\/wp-json\/wp\/v2\/product_tag?post=87"}],"curies":[{"name":"wp","href":"https:\/\/api.w.org\/{rel}","templated":true}]}}