{"id":29311,"date":"2025-10-22T06:38:59","date_gmt":"2025-10-22T06:38:59","guid":{"rendered":"http:\/\/annuaire.world\/?page_id=29311"},"modified":"2025-10-22T06:39:04","modified_gmt":"2025-10-22T06:39:04","slug":"apply-for-a-job","status":"publish","type":"page","link":"http:\/\/annuaire.world\/pt\/apply-for-a-job\/","title":{"rendered":"Apply for a job"},"content":{"rendered":"<div class='fluentform ff-default fluentform_wrapper_5 ffs_default_wrap'><form data-form_id=\"5\" id=\"fluentform_5\" class=\"frm-fluent-form fluent_form_5 ff-el-form-top ff_form_instance_5_1 ff-form-loading ff-form-has-steps ffs_default\" data-form_instance=\"ff_form_instance_5_1\" method=\"POST\" action=\"\" ><fieldset  style=\"border: none!important;margin: 0!important;padding: 0!important;background-color: transparent!important;box-shadow: none!important;outline: none!important; min-inline-size: 100%;\">\n                    <legend class=\"ff_screen_reader_title\" style=\"display: block; margin: 0!important;padding: 0!important;height: 0!important;text-indent: -999999px;width: 0!important;overflow:hidden;\">Job Aplication (#15) (#17)<\/legend><input type='hidden' name='__fluent_form_embded_post_id' value='29311' \/><input type=\"hidden\" id=\"_fluentform_5_fluentformnonce\" name=\"_fluentform_5_fluentformnonce\" value=\"634efd8866\" \/><input type=\"hidden\" name=\"_wp_http_referer\" value=\"\/pt\/wp-json\/wp\/v2\/pages\/29311\" \/><div class='ff-step-container' data-name=\"step_start-5_4\" data-disable_auto_focus=\"no\" data-enable_auto_slider=\"no\" data-enable_step_data_persistency=\"no\" data-enable_step_page_resume=\"no\" data-animation_type=\"slide\" ><span class='ff_step_start'><\/span><div class='ff-step-body'><div class=\"fluentform-step active\" data-name=\"step_start-5_4\" data-disable_auto_focus=\"no\" data-enable_auto_slider=\"no\" data-enable_step_data_persistency=\"no\" data-enable_step_page_resume=\"no\" data-animation_type=\"slide\" ><div class=\"ff-el-group ff-el-section-break  ff_left\" data-name=\"section_break-5_1\" ><h3 class='ff-el-section-title'>Fill up an application<\/h3><div class='ff-section_break_desk'><\/div><hr \/><\/div><div class='ff-el-group'><div class=\"ff-el-input--label asterisk-right\"><label for='ff_5_dropdown' aria-label=\"Salutation\">Salutation<\/label><\/div><div class='ff-el-input--content'><select name=\"dropdown\" id=\"ff_5_dropdown\" class=\"ff-el-form-control\" data-name=\"dropdown\" data-calc_value=\"0\"  aria-invalid=\"false\" aria-required=\"false\"><option value=\"\">- Select -<\/option><option value=\"Mr\"  >Mr<\/option><option value=\"Mrs\"  >Mrs<\/option><option value=\"Miss\"  >Miss<\/option><option value=\"Ms.\"  >Ms.<\/option><option value=\"Dr.\"  >Dr.<\/option><option value=\"Prof.\"  >Prof.<\/option><\/select><\/div><\/div><div data-type=\"name-element\" data-name=\"names\" class=\"ff-field_container ff-name-field-wrapper\" ><div class='ff-t-container'><div class='ff-t-cell'><div class='ff-el-group'><div class=\"ff-el-input--label ff-el-is-required asterisk-right\"><label for='ff_5_names_first_name_' >First Name<\/label><\/div><div class='ff-el-input--content'><input type=\"text\" name=\"names[first_name]\" id=\"ff_5_names_first_name_\" class=\"ff-el-form-control\" aria-invalid=\"false\" aria-required=\"true\"><\/div><\/div><\/div><div class='ff-t-cell'><div class='ff-el-group'><div class=\"ff-el-input--label ff-el-is-required asterisk-right\"><label for='ff_5_names_last_name_' >Last Name<\/label><\/div><div class='ff-el-input--content'><input type=\"text\" name=\"names[last_name]\" id=\"ff_5_names_last_name_\" class=\"ff-el-form-control\" aria-invalid=\"false\" aria-required=\"true\"><\/div><\/div><\/div><\/div><\/div><div class='ff-el-group'><div class=\"ff-el-input--label ff-el-is-required asterisk-right\"><label for='ff_5_phone' aria-label=\"Phone (Whatsapp)\">Phone (Whatsapp)<\/label><\/div><div class='ff-el-input--content'><input name=\"phone\" class=\"ff-el-form-control ff-el-phone\" type=\"tel\" placeholder=\"Mobile Number\" data-name=\"phone\" id=\"ff_5_phone\" inputmode=\"tel\"  aria-invalid='false' aria-required=\"true\"><\/div><\/div><div class='ff-el-group'><div class=\"ff-el-input--label asterisk-right\"><label for='ff_5_email' aria-label=\"Email address\">Email address<\/label><\/div><div class='ff-el-input--content'><input type=\"email\" name=\"email\" id=\"ff_5_email\" class=\"ff-el-form-control\" data-name=\"email\"  aria-invalid=\"false\" aria-required=\"false\"><\/div><\/div><div class='step-nav ff_step_nav_last'><button style='float: left;'  type='button' data-action='prev' class='ff-btn ff-btn-prev ff-btn-secondary'>Previous<\/button><button style='float: right;'  type='button' data-action='next' class='ff-float-right ff-btn ff-btn-next ff-btn-secondary'>Next<\/button><\/div><\/div><div style='display: none;' class=\"fluentform-step\" data-name=\"form_step-5_2\" ><div class='ff-el-group'><div class=\"ff-el-input--label asterisk-right\"><label for='ff_5_input_text' aria-label=\"Company you are applying to :\">Company you are applying to :<\/label><\/div><div class='ff-el-input--content'><input type=\"text\" name=\"input_text\" class=\"ff-el-form-control\" data-name=\"input_text\" id=\"ff_5_input_text\"  aria-invalid=\"false\" aria-required=\"false\"><\/div><\/div><div class=\"ff-el-group ff-el-section-break  ff_left\" data-name=\"section_break-5_3\" ><h3 class='ff-el-section-title'>Select your Position <\/h3><div class='ff-section_break_desk'><\/div><hr \/><\/div><div class='ff-el-group'><div class=\"ff-el-input--label asterisk-right\"><label for='ff_5_dropdown_1' aria-label=\"Type of Employment\">Type of Employment<\/label><\/div><div class='ff-el-input--content'><select name=\"dropdown_1\" id=\"ff_5_dropdown_1\" class=\"ff-el-form-control\" data-name=\"dropdown_1\" data-calc_value=\"0\"  aria-invalid=\"false\" aria-required=\"false\"><option value=\"\">- Select -<\/option><option value=\"Full time\"  selected>Full time<\/option><option value=\"Part-time\"  >Part-time<\/option><option value=\"Independant\"  >Independant<\/option><\/select><\/div><\/div><div class='ff-el-group'><div class=\"ff-el-input--label asterisk-right\"><label for='ff_5_dropdown_2' aria-label=\"Type of Contract\">Type of Contract<\/label><\/div><div class='ff-el-input--content'><select name=\"dropdown_2\" id=\"ff_5_dropdown_2\" class=\"ff-el-form-control\" data-name=\"dropdown_2\" data-calc_value=\"0\"  aria-invalid=\"false\" aria-required=\"false\"><option value=\"\">- Select -<\/option><option value=\"permanent\"  selected>permanent<\/option><option value=\"Term\/Contract\"  >Term\/Contract<\/option><option value=\"Freelance\"  >Freelance<\/option><\/select><\/div><\/div><div class='ff-el-group'><div class=\"ff-el-input--label asterisk-right\"><label for='ff_5_input_text_1' aria-label=\"Type of position you aree applying to :\">Type of position you aree applying to :<\/label><\/div><div class='ff-el-input--content'><input type=\"text\" name=\"input_text_1\" class=\"ff-el-form-control\" data-name=\"input_text_1\" id=\"ff_5_input_text_1\"  aria-invalid=\"false\" aria-required=\"false\"><\/div><\/div><div class='ff-el-group'><div class=\"ff-el-input--label asterisk-right\"><label for='ff_5_dropdown_4' aria-label=\"Select a city\">Select a city<\/label><\/div><div class='ff-el-input--content'><select name=\"dropdown_4\" id=\"ff_5_dropdown_4\" class=\"ff-el-form-control\" data-name=\"dropdown_4\" data-calc_value=\"0\"  aria-invalid=\"false\" aria-required=\"false\"><option value=\"\">- Select -<\/option><option value=\"Abidjan east\"  >Abidjan east<\/option><option value=\"Abidjan north\"  >Abidjan north<\/option><option value=\"Abidjan ouest\"  >Abidjan ouest<\/option><option value=\"Abengourou\"  >Abengourou<\/option><option value=\"Aboisso\"  >Aboisso<\/option><option value=\"Abongoua\"  >Abongoua<\/option><option value=\"Adaou\"  >Adaou<\/option><option value=\"Adiak\u00e9\"  >Adiak\u00e9<\/option><option value=\"Adjouan\"  >Adjouan<\/option><option value=\"Adzop\u00e9\"  >Adzop\u00e9<\/option><option value=\"Agboville\"  >Agboville<\/option><option value=\"Agnibil\u00e9krou\"  >Agnibil\u00e9krou<\/option><option value=\"Akoup\u00e9\"  >Akoup\u00e9<\/option><option value=\"Al\u00e9p\u00e9\"  >Al\u00e9p\u00e9<\/option><option value=\"Ananda\"  >Ananda<\/option><option value=\"Ann\u00e9p\u00e9\"  >Ann\u00e9p\u00e9<\/option><option value=\"Anyama\"  >Anyama<\/option><option value=\"Appimadoum\"  >Appimadoum<\/option><option value=\"Attingui\u00e9\"  >Attingui\u00e9<\/option><option value=\"Bacanda\"  >Bacanda<\/option><option value=\"Badikaha\"  >Badikaha<\/option><option value=\"Bako\"  >Bako<\/option><option value=\"Bangolo\"  >Bangolo<\/option><option value=\"B\u00e9cou\u00e9fin\"  >B\u00e9cou\u00e9fin<\/option><option value=\"B\u00e9di-Goazon\"  >B\u00e9di-Goazon<\/option><option value=\"B\u00e9oumi\"  >B\u00e9oumi<\/option><option value=\"Betti\u00e9\"  >Betti\u00e9<\/option><option value=\"Biankouma\"  >Biankouma<\/option><option value=\"Bi\u00e9by\"  >Bi\u00e9by<\/option><option value=\"Bingerville\"  >Bingerville<\/option><option value=\"Bin-Houy\u00e9\"  >Bin-Houy\u00e9<\/option><option value=\"Blapleu\"  >Blapleu<\/option><option value=\"Bl\u00e9nim\u00e9ouin\"  >Bl\u00e9nim\u00e9ouin<\/option><option value=\"Bless\u00e9gu\u00e9\"  >Bless\u00e9gu\u00e9<\/option><option value=\"Blol\u00e9quin\"  >Blol\u00e9quin<\/option><option value=\"Boahia\"  >Boahia<\/option><option value=\"Bocanda\"  >Bocanda<\/option><option value=\"Bogouin\u00e9\"  >Bogouin\u00e9<\/option><option value=\"Bondoukou\"  >Bondoukou<\/option><option value=\"Bongouanou\"  >Bongouanou<\/option><option value=\"Bonoua\"  >Bonoua<\/option><option value=\"Bouafl\u00e9\"  >Bouafl\u00e9<\/option><option value=\"Bouak\u00e9\"  >Bouak\u00e9<\/option><option value=\"Bouandougou\"  >Bouandougou<\/option><option value=\"Bouna\"  >Bouna<\/option><option value=\"Boundiali\"  >Boundiali<\/option><option value=\"Brofodoum\u00e9\"  >Brofodoum\u00e9<\/option><option value=\"Dabakala\"  >Dabakala<\/option><option value=\"Dabou\"  >Dabou<\/option><option value=\"Dabouyo\"  >Dabouyo<\/option><option value=\"Daloa\"  >Daloa<\/option><option value=\"Danan\u00e9\"  >Danan\u00e9<\/option><option value=\"Daoukro\"  >Daoukro<\/option><option value=\"Diamarakro\"  >Diamarakro<\/option><option value=\"Dianra\"  >Dianra<\/option><option value=\"Diawalla\"  >Diawalla<\/option><option value=\"Dibok\u00e9\"  >Dibok\u00e9<\/option><option value=\"Didi\u00e9vi\"  >Didi\u00e9vi<\/option><option value=\"Dignago\"  >Dignago<\/option><option value=\"Dimbokro\"  >Dimbokro<\/option><option value=\"Divo\"  >Divo<\/option><option value=\"Dok\u00e9\"  >Dok\u00e9<\/option><option value=\"Doudoukou\"  >Doudoukou<\/option><option value=\"Du\u00e9kou\u00e9\"  >Du\u00e9kou\u00e9<\/option><option value=\"Fadiadougou\"  >Fadiadougou<\/option><option value=\"Famienkro\"  >Famienkro<\/option><option value=\"Ferkess\u00e9dougou\"  >Ferkess\u00e9dougou<\/option><option value=\"Gagnoa\"  >Gagnoa<\/option><option value=\"Gbangb\u00e9gouin\u00e9\"  >Gbangb\u00e9gouin\u00e9<\/option><option value=\"Gbangb\u00e9gouin\u00e9-Yati\"  >Gbangb\u00e9gouin\u00e9-Yati<\/option><option value=\"Gohouo-Zagna\"  >Gohouo-Zagna<\/option><option value=\"Gomon\"  >Gomon<\/option><option value=\"Gouin\u00e9\"  >Gouin\u00e9<\/option><option value=\"Grand-Bassam\"  >Grand-Bassam<\/option><option value=\"Grand-Lahou\"  >Grand-Lahou<\/option><option value=\"Guessabo\"  >Guessabo<\/option><option value=\"Guib\u00e9roua\"  >Guib\u00e9roua<\/option><option value=\"Gu\u00e9yo\"  >Gu\u00e9yo<\/option><option value=\"Guinglo-Tahouak\u00e9\"  >Guinglo-Tahouak\u00e9<\/option><option value=\"Guitry\"  >Guitry<\/option><option value=\"Hir\u00e9\"  >Hir\u00e9<\/option><option value=\"Issia\"  >Issia<\/option><option value=\"Jacqueville\"  >Jacqueville<\/option><option value=\"Kahin-Zarabaon\"  >Kahin-Zarabaon<\/option><option value=\"Kani\"  >Kani<\/option><option value=\"Kanzra\"  >Kanzra<\/option><option value=\"Katiola\"  >Katiola<\/option><option value=\"Kong\"  >Kong<\/option><option value=\"Korhogo\"  >Korhogo<\/option><option value=\"Koro\"  >Koro<\/option><option value=\"Kouakro\"  >Kouakro<\/option><option value=\"Kounahiri\"  >Kounahiri<\/option><option value=\"Koun-Fao\"  >Koun-Fao<\/option><option value=\"Kouto\"  >Kouto<\/option><option value=\"Koutouba\"  >Koutouba<\/option><option value=\"Kpata\"  >Kpata<\/option><option value=\"Lakota\"  >Lakota<\/option><option value=\"Lolobo\"  >Lolobo<\/option><option value=\"Lovigui\u00e9\"  >Lovigui\u00e9<\/option><option value=\"Mamini\"  >Mamini<\/option><option value=\"Man\"  >Man<\/option><option value=\"Mankono\"  >Mankono<\/option><option value=\"Mantongouin\u00e9\"  >Mantongouin\u00e9<\/option><option value=\"Marahou\u00e9\"  >Marahou\u00e9<\/option><option value=\"M'Bahiakro\"  >M'Bahiakro<\/option><option value=\"M'batto\"  >M'batto<\/option><option value=\"Morondo\"  >Morondo<\/option><option value=\"Nafana (Prikro)\"  >Nafana (Prikro)<\/option><option value=\"N'douci\"  >N'douci<\/option><option value=\"N'Gokro\"  >N'Gokro<\/option><option value=\"Niakaramandougou\"  >Niakaramandougou<\/option><option value=\"Niamb\u00e9zaria\"  >Niamb\u00e9zaria<\/option><option value=\"Niell\u00e9\"  >Niell\u00e9<\/option><option value=\"Nofou\"  >Nofou<\/option><option value=\"Odienn\u00e9\"  >Odienn\u00e9<\/option><option value=\"Oum\u00e9\"  >Oum\u00e9<\/option><option value=\"Ouyably-Gnondrou\"  >Ouyably-Gnondrou<\/option><option value=\"Pacobo\"  >Pacobo<\/option><option value=\"P\u00e9h\u00e9\"  >P\u00e9h\u00e9<\/option><option value=\"Sakassou\"  >Sakassou<\/option><option value=\"Samatiguila\"  >Samatiguila<\/option><option value=\"Sandougou-Soba\"  >Sandougou-Soba<\/option><option value=\"San-P\u00e9dro\"  >San-P\u00e9dro<\/option><option value=\"Sassandra\"  >Sassandra<\/option><option value=\"S\u00e9gu\u00e9la\"  >S\u00e9gu\u00e9la<\/option><option value=\"Sinfra\"  >Sinfra<\/option><option value=\"Soubr\u00e9\"  >Soubr\u00e9<\/option><option value=\"Tabou\"  >Tabou<\/option><option value=\"Tafir\u00e9\"  >Tafir\u00e9<\/option><option value=\"Ta\u00ef\"  >Ta\u00ef<\/option><option value=\"Tanda\"  >Tanda<\/option><option value=\"Tiagba\"  >Tiagba<\/option><option value=\"Tiapoum\"  >Tiapoum<\/option><option value=\"Tiassal\u00e9\"  >Tiassal\u00e9<\/option><option value=\"Ti\u00e9bissou\"  >Ti\u00e9bissou<\/option><option value=\"Ti\u00e9dio\"  >Ti\u00e9dio<\/option><option value=\"Ti\u00e9ningbou\u00e9\"  >Ti\u00e9ningbou\u00e9<\/option><option value=\"Tingr\u00e9la\"  >Tingr\u00e9la<\/option><option value=\"Tinhou\"  >Tinhou<\/option><option value=\"Tiobli\"  >Tiobli<\/option><option value=\"Togoni\u00e9r\u00e9\"  >Togoni\u00e9r\u00e9<\/option><option value=\"Touba\"  >Touba<\/option><option value=\"Tougbo\"  >Tougbo<\/option><option value=\"Toulepleu\"  >Toulepleu<\/option><option value=\"Toumodi\"  >Toumodi<\/option><option value=\"Toumoukoro\"  >Toumoukoro<\/option><option value=\"Vavoua\"  >Vavoua<\/option><option value=\"Varal\u00e9\"  >Varal\u00e9<\/option><option value=\"Yakass\u00e9-M\u00e9\"  >Yakass\u00e9-M\u00e9<\/option><option value=\"Yamoussoukro\"  >Yamoussoukro<\/option><option value=\"Yaou\"  >Yaou<\/option><option value=\"Yorodougou\"  >Yorodougou<\/option><option value=\"Zonneu\"  >Zonneu<\/option><option value=\"Zouan-Hounien\"  >Zouan-Hounien<\/option><\/select><\/div><\/div><div class='ff-el-group'><div class=\"ff-el-input--label asterisk-right\"><label for='ff_5_description_4' aria-label=\"Your qualification for the job\">Your qualification for the job<\/label><\/div><div class='ff-el-input--content'><textarea aria-invalid=\"false\" aria-required=\"false\" name=\"description_4\" id=\"ff_5_description_4\" class=\"ff-el-form-control\" rows=\"4\" cols=\"2\" data-name=\"description_4\" ><\/textarea><\/div><\/div><div class='ff-el-group ff-el-form-right'><div class=\"ff-el-input--label asterisk-right\"><label for='ff_5_file-upload_1' aria-label=\"Upload your Cv\">Upload your Cv<\/label><\/div><div class='ff-el-input--content'><label for='ff_5_file-upload_1' class='ff_file_upload_holder'><span class='ff_upload_btn ff-btn' tabindex='0'>Choose File<\/span> <input type=\"file\" name=\"file-upload\" id=\"ff_5_file-upload_1\" class=\"ff-el-form-control  ff-screen-reader-element\" data-name=\"file-upload\" multiple=\"1\"  aria-invalid='false' aria-required=\"false\"><\/label><\/div><\/div>        <div class=\"ff-step-t-container ff-inner_submit_container ff-column-container ff_columns_total_2\">\n            <div class=\"ff-t-cell ff-t-column-1\"><div class='step-nav ff_step_nav_last'><button style='float: left;'  type='button' data-action='prev' class='ff-btn ff-btn-prev ff-btn-secondary'>Previous<\/button><\/div><\/div>\n            <div class=\"ff-t-cell ff-t-column-2\">\n                <div class='ff-el-group ff-text-left ff_submit_btn_wrapper'><button type=\"submit\" class=\"ff-btn ff-btn-submit ff-btn-md ff_btn_style\" >Submit Form<\/button><\/div>            <\/div>\n        <\/div>\n        <\/div><\/div><\/div>\n        <\/fieldset><input type=\"hidden\" name=\"trp-form-language\" value=\"pt\"\/><\/form><div id='fluentform_5_errors' class='ff-errors-in-stack ff_form_instance_5_1 ff-form-loading_errors ff_form_instance_5_1_errors'><\/div><\/div>            <script type=\"text\/javascript\">\n                window.fluent_form_ff_form_instance_5_1 = {\"id\":\"5\",\"settings\":{\"layout\":{\"labelPlacement\":\"top\",\"helpMessagePlacement\":\"with_label\",\"errorMessagePlacement\":\"inline\"},\"restrictions\":{\"denyEmptySubmission\":{\"enabled\":false}}},\"form_instance\":\"ff_form_instance_5_1\",\"form_id_selector\":\"fluentform_5\",\"rules\":{\"dropdown\":{\"required\":{\"value\":false,\"message\":\"This field is required\"}},\"names[first_name]\":{\"required\":{\"value\":true,\"message\":\"This field is required\"}},\"names[middle_name]\":{\"required\":{\"value\":false,\"message\":\"This field is required\"}},\"names[last_name]\":{\"required\":{\"value\":true,\"message\":\"This field is required\"}},\"phone\":{\"required\":{\"value\":true,\"message\":\"This field is required\"},\"valid_phone_number\":{\"value\":false,\"message\":\"Phone number is not valid\"}},\"email\":{\"required\":{\"value\":false,\"message\":\"This field is required\"},\"email\":{\"value\":true,\"message\":\"This field must contain a valid email\"}},\"input_text\":{\"required\":{\"value\":false,\"message\":\"This field is required\"}},\"dropdown_1\":{\"required\":{\"value\":false,\"message\":\"This field is required\"}},\"dropdown_2\":{\"required\":{\"value\":false,\"message\":\"This field is required\"}},\"input_text_1\":{\"required\":{\"value\":false,\"message\":\"This field is required\"}},\"dropdown_4\":{\"required\":{\"value\":false,\"message\":\"This field is required\"}},\"description_4\":{\"required\":{\"value\":false,\"message\":\"This field is required\"}},\"file-upload\":{\"required\":{\"value\":false,\"message\":\"This field is required\"},\"max_file_size\":{\"value\":5242880,\"_valueFrom\":\"MB\",\"message\":\"Maximum file size limit\"},\"max_file_count\":{\"value\":\"-1\",\"message\":\"Max file count\"},\"allowed_file_types\":{\"value\":[\"pdf\"],\"message\":\"allowed_file_types\"}}},\"debounce_time\":300};\n                            <\/script>","protected":false},"excerpt":{"rendered":"Job Aplication (#15) (#17)Fill up an applicationSalutation- Select -MrMrsMissMs.Dr.Prof.First NameLast NamePhone (Whatsapp)Email addressPreviousNextCompany you are applying to :Select your Position Type of Employment- Select -Full timePart-timeIndependantType of Contract- Select -permanentTerm\/ContractFreelanceType of position you aree applying to :Select a city- Select -Abidjan eastAbidjan northAbidjan ouestAbengourouAboissoAbongouaAdaouAdiak\u00e9AdjouanAdzop\u00e9AgbovilleAgnibil\u00e9krouAkoup\u00e9Al\u00e9p\u00e9AnandaAnn\u00e9p\u00e9AnyamaAppimadoumAttingui\u00e9BacandaBadikahaBakoBangoloB\u00e9cou\u00e9finB\u00e9di-GoazonB\u00e9oumiBetti\u00e9BiankoumaBi\u00e9byBingervilleBin-Houy\u00e9BlapleuBl\u00e9nim\u00e9ouinBless\u00e9gu\u00e9Blol\u00e9quinBoahiaBocandaBogouin\u00e9BondoukouBongouanouBonouaBouafl\u00e9Bouak\u00e9BouandougouBounaBoundialiBrofodoum\u00e9DabakalaDabouDabouyoDaloaDanan\u00e9DaoukroDiamarakroDianraDiawallaDibok\u00e9Didi\u00e9viDignagoDimbokroDivoDok\u00e9DoudoukouDu\u00e9kou\u00e9FadiadougouFamienkroFerkess\u00e9dougouGagnoaGbangb\u00e9gouin\u00e9Gbangb\u00e9gouin\u00e9-YatiGohouo-ZagnaGomonGouin\u00e9Grand-BassamGrand-LahouGuessaboGuib\u00e9rouaGu\u00e9yoGuinglo-Tahouak\u00e9GuitryHir\u00e9IssiaJacquevilleKahin-ZarabaonKaniKanzraKatiolaKongKorhogoKoroKouakroKounahiriKoun-FaoKoutoKoutoubaKpataLakotaLoloboLovigui\u00e9MaminiManMankonoMantongouin\u00e9Marahou\u00e9M'BahiakroM'battoMorondoNafana (Prikro)N'douciN'GokroNiakaramandougouNiamb\u00e9zariaNiell\u00e9NofouOdienn\u00e9Oum\u00e9Ouyably-GnondrouPacoboP\u00e9h\u00e9SakassouSamatiguilaSandougou-SobaSan-P\u00e9droSassandraS\u00e9gu\u00e9laSinfraSoubr\u00e9TabouTafir\u00e9Ta\u00efTandaTiagbaTiapoumTiassal\u00e9Ti\u00e9bissouTi\u00e9dioTi\u00e9ningbou\u00e9Tingr\u00e9laTinhouTiobliTogoni\u00e9r\u00e9ToubaTougboToulepleuToumodiToumoukoroVavouaVaral\u00e9Yakass\u00e9-M\u00e9YamoussoukroYaouYorodougouZonneuZouan-HounienYour qualification for the jobUpload your CvChoose File Previous Submit Form","protected":false},"author":1,"featured_media":0,"parent":0,"menu_order":0,"comment_status":"closed","ping_status":"closed","template":"","meta":{"footnotes":""},"class_list":["post-29311","page","type-page","status-publish","hentry"],"_links":{"self":[{"href":"http:\/\/annuaire.world\/pt\/wp-json\/wp\/v2\/pages\/29311","targetHints":{"allow":["GET"]}}],"collection":[{"href":"http:\/\/annuaire.world\/pt\/wp-json\/wp\/v2\/pages"}],"about":[{"href":"http:\/\/annuaire.world\/pt\/wp-json\/wp\/v2\/types\/page"}],"author":[{"embeddable":true,"href":"http:\/\/annuaire.world\/pt\/wp-json\/wp\/v2\/users\/1"}],"replies":[{"embeddable":true,"href":"http:\/\/annuaire.world\/pt\/wp-json\/wp\/v2\/comments?post=29311"}],"version-history":[{"count":1,"href":"http:\/\/annuaire.world\/pt\/wp-json\/wp\/v2\/pages\/29311\/revisions"}],"predecessor-version":[{"id":29312,"href":"http:\/\/annuaire.world\/pt\/wp-json\/wp\/v2\/pages\/29311\/revisions\/29312"}],"wp:attachment":[{"href":"http:\/\/annuaire.world\/pt\/wp-json\/wp\/v2\/media?parent=29311"}],"curies":[{"name":"wp","href":"https:\/\/api.w.org\/{rel}","templated":true}]}}